{"id":102,"date":"2023-12-12T11:33:31","date_gmt":"2023-12-12T11:33:31","guid":{"rendered":"https:\/\/www.delfiori.com.br\/advocatorio\/?page_id=102"},"modified":"2024-02-14T22:18:01","modified_gmt":"2024-02-14T22:18:01","slug":"quem-somos","status":"publish","type":"page","link":"https:\/\/www.delfiori.com.br\/advocatorio\/quem-somos\/","title":{"rendered":"Quem Somos"},"content":{"rendered":"<p>[vc_row full_content_width=&#8221;row-inner-full&#8221; top=&#8221;0px&#8221; bottom=&#8221;0px&#8221; bg_color=&#8221;#ffffff&#8221;][vc_column][vc_single_image image=&#8221;575&#8243; img_size=&#8221;full&#8221;][\/vc_column][\/vc_row][vc_row top=&#8221;52px&#8221; bg_color=&#8221;#ffffff&#8221;][vc_column][vc_column_text]<span style=\"font-size: 14pt;\"><img loading=\"lazy\" decoding=\"async\" class=\" wp-image-577 alignleft\" src=\"https:\/\/www.delfiori.com.br\/advocatorio\/wp-content\/uploads\/2024\/02\/Icones-Advocatorio02.png\" alt=\"\" width=\"180\" height=\"180\" srcset=\"https:\/\/www.delfiori.com.br\/advocatorio\/wp-content\/uploads\/2024\/02\/Icones-Advocatorio02.png 200w, https:\/\/www.delfiori.com.br\/advocatorio\/wp-content\/uploads\/2024\/02\/Icones-Advocatorio02-150x150.png 150w, https:\/\/www.delfiori.com.br\/advocatorio\/wp-content\/uploads\/2024\/02\/Icones-Advocatorio02-170x170.png 170w\" sizes=\"(max-width: 180px) 100vw, 180px\" \/>O <span style=\"color: #252750;\"><strong>Advocat\u00f3rio<\/strong><\/span> \u00e9 um servi\u00e7o de classifica\u00e7\u00e3o de advogados que actuam no territ\u00f3rio angolano com destaque nas diversas \u00e1reas da pr\u00e1tica do Direito e da Justi\u00e7a e que pretendam alcan\u00e7ar um alto grau de reconhecimento por pares no \u00e2mbito profissional. A express\u00e3o Advocat\u00f3rio foi originalmente concebida pelos idealizadores da plataforma ao terem aglutinado as express\u00f5es, Advocacia e Direct\u00f3rio. <\/span><span style=\"font-size: 14pt;\">A plataforma \u00e9 propriedade da empresa angolana de consultoria <span style=\"color: #252750;\"><strong>Webclick. Lda<\/strong><\/span>, fundada pelos consultores <span style=\"color: #252750;\"><strong>Gon\u00e7alo<\/strong><\/span> e <span style=\"color: #252750;\"><strong>Gorete Capilo Leit\u00e3o<\/strong><\/span>. <\/span>[\/vc_column_text][vc_spacer size=&#8221;43px&#8221;][vc_column_text]<span style=\"font-size: 14pt;\"><img loading=\"lazy\" decoding=\"async\" class=\"alignnone wp-image-244 size-full\" src=\"https:\/\/www.delfiori.com.br\/advocatorio\/wp-content\/uploads\/2024\/02\/quem-somos-advocatorio.jpg\" alt=\"\" width=\"1980\" height=\"460\" srcset=\"https:\/\/www.delfiori.com.br\/advocatorio\/wp-content\/uploads\/2024\/02\/quem-somos-advocatorio.jpg 1980w, https:\/\/www.delfiori.com.br\/advocatorio\/wp-content\/uploads\/2024\/02\/quem-somos-advocatorio-300x70.jpg 300w, https:\/\/www.delfiori.com.br\/advocatorio\/wp-content\/uploads\/2024\/02\/quem-somos-advocatorio-1024x238.jpg 1024w, https:\/\/www.delfiori.com.br\/advocatorio\/wp-content\/uploads\/2024\/02\/quem-somos-advocatorio-768x178.jpg 768w, https:\/\/www.delfiori.com.br\/advocatorio\/wp-content\/uploads\/2024\/02\/quem-somos-advocatorio-1536x357.jpg 1536w\" sizes=\"(max-width: 1980px) 100vw, 1980px\" \/><\/span>[\/vc_column_text][vc_spacer size=&#8221;33px&#8221;][vc_column_text]<span style=\"font-size: 14pt;\">Promover o <span style=\"color: #252750;\"><strong>acesso \u00e0 justi\u00e7a<\/strong><\/span> enquanto imperativo constitucional na Rep\u00fablica de Angola por conectar cidad\u00e3os e advogados qualificados e facilitar o exerc\u00edcio da advocacia e da justi\u00e7a \u00e9 a nossa <span style=\"color: #252750;\"><strong>Miss\u00e3o<\/strong><\/span>.<\/span>[\/vc_column_text][vc_spacer size=&#8221;33px&#8221;][vc_separator style=&#8221;simple&#8221;][vc_spacer size=&#8221;33px&#8221;][vc_column_text]<span style=\"font-size: 14pt;\"><strong>CONSTITUI\u00c7\u00c3O DA REP\u00daBLICA DE ANGOLA<\/strong><\/span><\/p>\n<p><span style=\"font-size: 14pt;\"><strong>ARTIGO 29:<\/strong><\/span><\/p>\n<blockquote><p><span style=\"font-size: 14pt;\"><em>A todos \u00e9 assegurado o acesso ao direito e aos tribunais para defesa dos seus direitos e interesses legalmente protegidos, n\u00e3o podendo a justi\u00e7a ser denegada por insufici\u00eancia dos meios econ\u00f3micos<\/em><\/span><\/p><\/blockquote>\n<p>[\/vc_column_text][\/vc_column][\/vc_row][vc_row full_content_width=&#8221;row-inner-full&#8221; top=&#8221;0px&#8221; bottom=&#8221;0px&#8221;][vc_column][vc_raw_html]JTNDc3R5bGUlM0UlMEElMEFsaSUyMCU3QiUwQSUyMCUyMGxpbmUtaGVpZ2h0JTNBJTIwMThweCUzQiUwQSUyMCUyMG1hcmdpbi1ib3R0b20lM0ElMjAzM3B4JTNCJTBBJTdEJTBBJTBBJTNDJTJGc3R5bGUlM0U=[\/vc_raw_html][\/vc_column][\/vc_row]<\/p>\n","protected":false},"excerpt":{"rendered":"<p>[vc_row full_content_width=&#8221;row-inner-full&#8221; top=&#8221;0px&#8221; bottom=&#8221;0px&#8221; bg_color=&#8221;#ffffff&#8221;][vc_column][vc_single_image image=&#8221;575&#8243; img_size=&#8221;full&#8221;][\/vc_column][\/vc_row][vc_row top=&#8221;52px&#8221; bg_color=&#8221;#ffffff&#8221;][vc_column][vc_column_text]O Advocat\u00f3rio \u00e9 um servi\u00e7o de classifica\u00e7\u00e3o de advogados que actuam no territ\u00f3rio angolano com destaque nas diversas \u00e1reas da pr\u00e1tica do Direito e da Justi\u00e7a e que pretendam alcan\u00e7ar um alto grau de reconhecimento por pares no \u00e2mbito profissional. A express\u00e3o Advocat\u00f3rio foi originalmente concebida pelos [&hellip;]<\/p>\n","protected":false},"author":2,"featured_media":0,"parent":0,"menu_order":0,"comment_status":"closed","ping_status":"open","template":"page-full-width.php","meta":{"footnotes":""},"_links":{"self":[{"href":"https:\/\/www.delfiori.com.br\/advocatorio\/wp-json\/wp\/v2\/pages\/102"}],"collection":[{"href":"https:\/\/www.delfiori.com.br\/advocatorio\/wp-json\/wp\/v2\/pages"}],"about":[{"href":"https:\/\/www.delfiori.com.br\/advocatorio\/wp-json\/wp\/v2\/types\/page"}],"author":[{"embeddable":true,"href":"https:\/\/www.delfiori.com.br\/advocatorio\/wp-json\/wp\/v2\/users\/2"}],"replies":[{"embeddable":true,"href":"https:\/\/www.delfiori.com.br\/advocatorio\/wp-json\/wp\/v2\/comments?post=102"}],"version-history":[{"count":49,"href":"https:\/\/www.delfiori.com.br\/advocatorio\/wp-json\/wp\/v2\/pages\/102\/revisions"}],"predecessor-version":[{"id":660,"href":"https:\/\/www.delfiori.com.br\/advocatorio\/wp-json\/wp\/v2\/pages\/102\/revisions\/660"}],"wp:attachment":[{"href":"https:\/\/www.delfiori.com.br\/advocatorio\/wp-json\/wp\/v2\/media?parent=102"}],"curies":[{"name":"wp","href":"https:\/\/api.w.org\/{rel}","templated":true}]}}