{"id":105,"date":"2023-12-12T11:35:32","date_gmt":"2023-12-12T11:35:32","guid":{"rendered":"https:\/\/www.delfiori.com.br\/advocatorio\/?page_id=105"},"modified":"2024-02-24T07:09:57","modified_gmt":"2024-02-24T07:09:57","slug":"como-funciona","status":"publish","type":"page","link":"https:\/\/www.delfiori.com.br\/advocatorio\/como-funciona\/","title":{"rendered":"Como Funciona"},"content":{"rendered":"<p>[vc_row full_content_width=&#8221;row-inner-full&#8221; top=&#8221;0px&#8221; bottom=&#8221;33px&#8221;][vc_column][vc_single_image image=&#8221;738&#8243; img_size=&#8221;full&#8221;][\/vc_column][\/vc_row][vc_row top=&#8221;33px&#8221; bg_color=&#8221;#ffffff&#8221;][vc_column][vc_column_text]<span style=\"font-size: 14pt;\">No Advocat\u00f3rio, qualquer pessoa poder\u00e1 pesquisar por um advogado digitando na \u00e1rea de pesquisa a\u00a0\u00a0<strong>\u00e1rea de a<\/strong><strong>ctua\u00e7\u00e3o<\/strong>\u00a0e\/ou a\u00a0<strong>cidade<\/strong><strong> ou prov\u00edncia <\/strong>que pretenda encontrar um profissional em refer\u00eancia. Pode inclusive, pesquisar por advogados que est\u00e3o na sua proximidade atrav\u00e9s de um mapa din\u00e2mico.<\/span><\/p>\n<p>&nbsp;<\/p>\n<p><img loading=\"lazy\" decoding=\"async\" class=\"alignnone wp-image-740 size-full\" src=\"https:\/\/www.delfiori.com.br\/advocatorio\/wp-content\/uploads\/2024\/02\/banner-como-funciona.png\" alt=\"\" width=\"1729\" height=\"423\" srcset=\"https:\/\/www.delfiori.com.br\/advocatorio\/wp-content\/uploads\/2024\/02\/banner-como-funciona.png 1729w, https:\/\/www.delfiori.com.br\/advocatorio\/wp-content\/uploads\/2024\/02\/banner-como-funciona-300x73.png 300w, https:\/\/www.delfiori.com.br\/advocatorio\/wp-content\/uploads\/2024\/02\/banner-como-funciona-1024x251.png 1024w, https:\/\/www.delfiori.com.br\/advocatorio\/wp-content\/uploads\/2024\/02\/banner-como-funciona-768x188.png 768w, https:\/\/www.delfiori.com.br\/advocatorio\/wp-content\/uploads\/2024\/02\/banner-como-funciona-1536x376.png 1536w\" sizes=\"(max-width: 1729px) 100vw, 1729px\" \/>[\/vc_column_text][vc_spacer size=&#8221;61px&#8221;][vc_row_inner][vc_column_inner width=&#8221;1\/3&#8243;][\/vc_column_inner][vc_column_inner width=&#8221;1\/3&#8243;][vc_btn title=&#8221;REGISTE-SE&#8221; style=&#8221;flat&#8221; color=&#8221;chino&#8221; size=&#8221;lg&#8221; align=&#8221;center&#8221; button_block=&#8221;true&#8221; link=&#8221;url:https%3A%2F%2Fwww.delfiori.com.br%2Fadvocatorio%2Fregiste-se%2F|||&#8221;][\/vc_column_inner][vc_column_inner width=&#8221;1\/3&#8243;][\/vc_column_inner][\/vc_row_inner][\/vc_column][\/vc_row][vc_row full_content_width=&#8221;row-inner-full&#8221; top=&#8221;0px&#8221; bottom=&#8221;0px&#8221;][vc_column][vc_raw_html]JTNDc3R5bGUlM0UlMEElMEFsaSUyMCU3QiUwQSUyMCUyMGxpbmUtaGVpZ2h0JTNBJTIwMThweCUzQiUwQSUyMCUyMG1hcmdpbi1ib3R0b20lM0ElMjAzM3B4JTNCJTBBJTdEJTBBJTBBJTNDJTJGc3R5bGUlM0U=[\/vc_raw_html][\/vc_column][\/vc_row]<\/p>\n","protected":false},"excerpt":{"rendered":"<p>[vc_row full_content_width=&#8221;row-inner-full&#8221; top=&#8221;0px&#8221; bottom=&#8221;33px&#8221;][vc_column][vc_single_image image=&#8221;738&#8243; img_size=&#8221;full&#8221;][\/vc_column][\/vc_row][vc_row top=&#8221;33px&#8221; bg_color=&#8221;#ffffff&#8221;][vc_column][vc_column_text]No Advocat\u00f3rio, qualquer pessoa poder\u00e1 pesquisar por um advogado digitando na \u00e1rea de pesquisa a\u00a0\u00a0\u00e1rea de actua\u00e7\u00e3o\u00a0e\/ou a\u00a0cidade ou prov\u00edncia que pretenda encontrar um profissional em refer\u00eancia. Pode inclusive, pesquisar por advogados que est\u00e3o na sua proximidade atrav\u00e9s de um mapa din\u00e2mico. &nbsp; [\/vc_column_text][vc_spacer size=&#8221;61px&#8221;][vc_row_inner][vc_column_inner width=&#8221;1\/3&#8243;][\/vc_column_inner][vc_column_inner width=&#8221;1\/3&#8243;][vc_btn title=&#8221;REGISTE-SE&#8221; [&hellip;]<\/p>\n","protected":false},"author":2,"featured_media":0,"parent":0,"menu_order":0,"comment_status":"closed","ping_status":"open","template":"page-full-width.php","meta":{"footnotes":""},"_links":{"self":[{"href":"https:\/\/www.delfiori.com.br\/advocatorio\/wp-json\/wp\/v2\/pages\/105"}],"collection":[{"href":"https:\/\/www.delfiori.com.br\/advocatorio\/wp-json\/wp\/v2\/pages"}],"about":[{"href":"https:\/\/www.delfiori.com.br\/advocatorio\/wp-json\/wp\/v2\/types\/page"}],"author":[{"embeddable":true,"href":"https:\/\/www.delfiori.com.br\/advocatorio\/wp-json\/wp\/v2\/users\/2"}],"replies":[{"embeddable":true,"href":"https:\/\/www.delfiori.com.br\/advocatorio\/wp-json\/wp\/v2\/comments?post=105"}],"version-history":[{"count":33,"href":"https:\/\/www.delfiori.com.br\/advocatorio\/wp-json\/wp\/v2\/pages\/105\/revisions"}],"predecessor-version":[{"id":919,"href":"https:\/\/www.delfiori.com.br\/advocatorio\/wp-json\/wp\/v2\/pages\/105\/revisions\/919"}],"wp:attachment":[{"href":"https:\/\/www.delfiori.com.br\/advocatorio\/wp-json\/wp\/v2\/media?parent=105"}],"curies":[{"name":"wp","href":"https:\/\/api.w.org\/{rel}","templated":true}]}}