{"id":109,"date":"2023-12-12T11:39:30","date_gmt":"2023-12-12T11:39:30","guid":{"rendered":"https:\/\/www.delfiori.com.br\/advocatorio\/?page_id=109"},"modified":"2024-02-24T07:51:17","modified_gmt":"2024-02-24T07:51:17","slug":"perguntas-frequentes","status":"publish","type":"page","link":"https:\/\/www.delfiori.com.br\/advocatorio\/perguntas-frequentes\/","title":{"rendered":"Perguntas mais Frequentes"},"content":{"rendered":"<p>[vc_row full_content_width=&#8221;row-inner-full&#8221; top=&#8221;0px&#8221;][vc_column][vc_single_image image=&#8221;927&#8243; img_size=&#8221;full&#8221;][\/vc_column][\/vc_row][vc_row top=&#8221;0px&#8221; bg_color=&#8221;#ffffff&#8221;][vc_column width=&#8221;3\/4&#8243; css=&#8221;.vc_custom_1708761075242{padding-right: 52px !important;}&#8221;][vc_tta_accordion style=&#8221;flat&#8221; shape=&#8221;square&#8221; color=&#8221;black&#8221; spacing=&#8221;10&#8243; gap=&#8221;10&#8243; active_section=&#8221;1&#8243; no_fill=&#8221;true&#8221;][vc_tta_section title=&#8221;Como encontrar um advogado em Angola por meio do diret\u00f3rio Advocat\u00f3rio?&#8221; tab_id=&#8221;registro-gratuito&#8221;][vc_column_text]Para encontrar um advogado por meio do Advocat\u00f3rio, deve primeiro definir a \u00e1rea ou a especialidade que precisa de ajuda de um profissional do Direito.<\/p>\n<p>Pode igualmente usar o Advocat\u00f3rio para pesquisar advogados por localiza\u00e7\u00e3o ou experi\u00eancia. Uma vez que tenha encontrado alguns advogados que lhe possam parecer uma boa op\u00e7\u00e3o, pode ter em conta as avalia\u00e7\u00f5es de outros usu\u00e1rios\/clientes para obter mais informa\u00e7\u00f5es sobre as experi\u00eancias com os advogados que encontrou.<\/p>\n<p>Pode tamb\u00e9m entrar em contacto com os advogados directamente para obter mais informa\u00e7\u00f5es sobre os seus servi\u00e7os e taxas.<\/p>\n<p>Ent\u00e3o em s\u00edntese, ao escolher um advogado no Advocat\u00f3rio, deve considerar os seguintes factores:<\/p>\n<p><strong>\u00c1rea de pr\u00e1tica<\/strong>: Certifique-se de que o advogado tenha experi\u00eancia na \u00e1rea de Direito que precisa de ajuda.<\/p>\n<p><strong>Localiza\u00e7\u00e3o:<\/strong> Se precisar de um advogado local, certifique-se de escolher um que esteja localizado perto de si, ou seja, na prov\u00edncia em que vive.<\/p>\n<p><strong>Experi\u00eancia:<\/strong> Considere a experi\u00eancia do advogado, incluindo o seu hist\u00f3rico educacional e profissional.<\/p>\n<p><strong>Avalia\u00e7\u00f5es de clientes:<\/strong> Leia as avalia\u00e7\u00f5es de clientes para obter mais informa\u00e7\u00f5es sobre as experi\u00eancias de outras pessoas com o advogado.<\/p>\n<p><strong>Taxas:<\/strong> Certifique-se de perguntar ao Advogado as taxas de cobran\u00e7as pela consulta ou um outro servi\u00e7o que pretenda contratar.[\/vc_column_text][\/vc_tta_section][vc_tta_section title=&#8221;Sou um Advogado e pratico no territ\u00f3rio angolano. Porqu\u00ea devo registar-me no Advocat\u00f3rio?&#8221; tab_id=&#8221;1706825077582-c92805c2-1ca5&#8243;][vc_column_text]O Advocat\u00f3rio \u00e9 o Direct\u00f3rio parceiro da Ordem da Ordem dos Advogados da Rep\u00fablica de Angola e que d\u00e1 suporte t\u00e9cnico no acompanhamento t\u00e9cnico de alguns processos no exerc\u00edcio dos profissionais inscritos na Ordem. Para o efeito, \u00e9 fundamental que esteja inscrito na plataforma.[\/vc_column_text][\/vc_tta_section][vc_tta_section title=&#8221;Quanto custa registar-me no Advocat\u00f3rio?&#8221; tab_id=&#8221;1706825100340-c3a0c175-eda4&#8243;][vc_column_text]Bem, a plataforma oferece dois planos para profissionais liberais e apenas um para escrit\u00f3rios da especialidade. Para mais informa\u00e7\u00f5es sobre os pre\u00e7os, queira por favor clicar aqui.<\/p>\n<p>Ap\u00f3s a inscri\u00e7\u00e3o, dever\u00e1 aguardar at\u00e9 24 horas para que os seus dados sejam verificados e aprovados.[\/vc_column_text][\/vc_tta_section][vc_tta_section title=&#8221;Como posso inscrever-me no Advocat\u00f3rio?&#8221; tab_id=&#8221;1706825125880-6b415af9-2aed&#8221;][vc_column_text]O processo de inscri\u00e7\u00e3o no Advocat\u00f3rio \u00e9 simples. Deve fornecer informa\u00e7\u00f5es b\u00e1sicas ao seu respeito atrav\u00e9s de um formul\u00e1rio dispon\u00edvel na plataforma. Clique aqui.[\/vc_column_text][\/vc_tta_section][vc_tta_section title=&#8221;O que devo incluir no meu perfil de advogado?&#8221; tab_id=&#8221;1706825148845-0b40b910-7c02&#8243;][vc_column_text]Parece uma pergunta inocentemente repetida, mas n\u00e3o. Para que seja encontrado por algu\u00e9m que precisa dos seus servi\u00e7os \u00e9 fundamental que o seu perfil de advogado tenha informa\u00e7\u00f5es relevantes a seu respeito para que, reitera-se, os clientes em potencial o encontrem. Isso inclui o seu nome, n\u00famero da c\u00e9dula profissional da OAA, \u00e1rea de pr\u00e1tica, experi\u00eancia profissional, educa\u00e7\u00e3o e avalia\u00e7\u00f5es de clientes.[\/vc_column_text][\/vc_tta_section][vc_tta_section title=&#8221;Como posso actualizar minhas informa\u00e7\u00f5es no Advocat\u00f3rio?&#8221; tab_id=&#8221;1706825171137-1aa43021-4363&#8243;][vc_column_text]O Advocat\u00f3rio permite que actualize as suas informa\u00e7\u00f5es online. Pode igualmente entrar em contacto com o nosso servi\u00e7o de suporte e solicitar a devida actualiza\u00e7\u00e3o.[\/vc_column_text][\/vc_tta_section][vc_tta_section title=&#8221;Como posso obter mais potenciais clientes (leads) atrav\u00e9s do Advocat\u00f3rio?&#8221; tab_id=&#8221;1706825205617-293c0528-4623&#8243;][vc_column_text]Bem, para obter mais leads atrav\u00e9s do Advocat\u00f3rio, certifique-se de que o seu perfil esteja completo e actualizado com informa\u00e7\u00f5es relevantes. Ou pode considerar em adquirir o pacote de Marketing Jur\u00eddico da Webclick Consulting, empresa propriet\u00e1ria do Advocat\u00f3rio.<\/p>\n<p>Portanto, aqui vai algumas dicas adicionais para os advogados que desejam aproveitar ao m\u00e1ximo o potencial do Advocat\u00f3rio:<\/p>\n<p>Use palavras-chave relevantes no acto de preenchimento do seu perfil na plataforma. Isso ajudar\u00e1 as pessoas a encontrarem-no quando estiverem a procurar por um advogado na sua especialidade ou \u00e1rea de actua\u00e7\u00e3o do Direito.<\/p>\n<p>Crie um perfil atraente e informativo. Coloque uma foto expressiva em que esteja formalmente apresentado. O seu perfil deve ser f\u00e1cil de ler e entender, fornecendo aos clientes em potencial as informa\u00e7\u00f5es de que precisam para tomar uma decis\u00e3o com algum conforto.[\/vc_column_text][\/vc_tta_section][vc_tta_section title=&#8221;Como os resultados da pesquisa s\u00e3o priorizados?&#8221; tab_id=&#8221;1706825229251-77192877-409c&#8221;][vc_column_text]Os resultados da pesquisa ter\u00e3o como base algumas regras, ordenadas por import\u00e2ncia, para ajudar a fornecer\u00a0ao usu\u00e1rio\u00a0uma correspond\u00eancia mais exacta com a palavra ou frase pesquisada:<\/p>\n<ol>\n<li><strong>Correspond\u00eancias exactas:<\/strong>registos com correspond\u00eancias exactas de palavras ser\u00e3o posicionados mais acima.\u00a0A\u00a0presen\u00e7a de correspond\u00eancias\u00a0exactas\u00a0de frases de pesquisa\u00a0resultar\u00e1 num posicionamento mais elevado nos resultados da pesquisa.\u00a0O\u00a0n\u00famero\u00a0de vezes que as palavras da frase\u00a0aparecem\u00a0n\u00e3o afetar\u00e1 o\u00a0posicionamento;<\/li>\n<\/ol>\n<p>&nbsp;<\/p>\n<ol start=\"2\">\n<li><strong>Palavras adjacentes:<\/strong>Os registos com palavras-chave de pesquisa posicionadas pr\u00f3ximas umas das outras ser\u00e3o colocados acima das palavras com uma ou mais palavras entre elas.<\/li>\n<li><strong>Erros de digita\u00e7\u00e3o:<\/strong>registos com erros de digita\u00e7\u00e3o t\u00eam classifica\u00e7\u00e3o inferior.<\/li>\n<\/ol>\n<p>[\/vc_column_text][\/vc_tta_section][vc_tta_section title=&#8221;Como os resultados da pesquisa s\u00e3o priorizados?&#8221; tab_id=&#8221;1706825272652-53a32e15-b0a0&#8243;][vc_column_text]Os resultados da pesquisa ter\u00e3o como base algumas regras, ordenadas por import\u00e2ncia, para ajudar a fornecer\u00a0ao usu\u00e1rio\u00a0uma correspond\u00eancia mais exacta com a palavra ou frase pesquisada:<\/p>\n<ol>\n<li><strong>Correspond\u00eancias exactas:<\/strong>registos com correspond\u00eancias exactas de palavras ser\u00e3o posicionados mais acima.\u00a0A\u00a0presen\u00e7a de correspond\u00eancias\u00a0exactas\u00a0de frases de pesquisa\u00a0resultar\u00e1 num posicionamento mais elevado nos resultados da pesquisa.\u00a0O\u00a0n\u00famero\u00a0de vezes que as palavras da frase\u00a0aparecem\u00a0n\u00e3o afetar\u00e1 o\u00a0posicionamento;<\/li>\n<\/ol>\n<p>&nbsp;<\/p>\n<ol start=\"2\">\n<li><strong>Palavras adjacentes:<\/strong>Os registos com palavras-chave de pesquisa posicionadas pr\u00f3ximas umas das outras ser\u00e3o colocados acima das palavras com uma ou mais palavras entre elas.<\/li>\n<li><strong>Erros de digita\u00e7\u00e3o:<\/strong>registos com erros de digita\u00e7\u00e3o t\u00eam classifica\u00e7\u00e3o inferior.<\/li>\n<\/ol>\n<p>Se v\u00e1rios\u00a0resultados de pesquisa\u00a0tiverem a mesma\u00a0pontua\u00e7\u00e3o de pesquisa, eles ser\u00e3o\u00a0organizados\u00a0em ordem alfab\u00e9tica para facilitar a navega\u00e7\u00e3o nos\u00a0resultados da pesquisa.<\/p>\n<p><strong>Outros factores que influenciam o resultado da pesquisa s\u00e3o:\u00a0<\/strong><\/p>\n<ul>\n<li>A\u00a0precis\u00e3o e relev\u00e2ncia da\u00a0entrada de pesquisa (por exemplo,\u00a0termos\u00a0mais precisos e espec\u00edficos t\u00eam melhor classifica\u00e7\u00e3o)<\/li>\n<\/ul>\n<p>[\/vc_column_text][\/vc_tta_section][\/vc_tta_accordion][\/vc_column][vc_column width=&#8221;1\/4&#8243; el_class=&#8221;fundo-barra-paginas&#8221;][vc_widget_sidebar sidebar_id=&#8221;default-sidebar&#8221;][\/vc_column][\/vc_row][vc_row full_content_width=&#8221;row-inner-full&#8221; top=&#8221;0px&#8221; bottom=&#8221;0px&#8221;][vc_column][vc_raw_html]JTNDc3R5bGUlM0UlMEElMEFsaSUyMCU3QiUwQSUyMCUyMGxpbmUtaGVpZ2h0JTNBJTIwMThweCUzQiUwQSUyMCUyMG1hcmdpbi1ib3R0b20lM0ElMjAzM3B4JTNCJTBBJTdEJTBBJTBBJTNDJTJGc3R5bGUlM0U=[\/vc_raw_html][\/vc_column][\/vc_row]<\/p>\n","protected":false},"excerpt":{"rendered":"<p>[vc_row full_content_width=&#8221;row-inner-full&#8221; top=&#8221;0px&#8221;][vc_column][vc_single_image image=&#8221;927&#8243; img_size=&#8221;full&#8221;][\/vc_column][\/vc_row][vc_row top=&#8221;0px&#8221; bg_color=&#8221;#ffffff&#8221;][vc_column width=&#8221;3\/4&#8243; css=&#8221;.vc_custom_1708761075242{padding-right: 52px !important;}&#8221;][vc_tta_accordion style=&#8221;flat&#8221; shape=&#8221;square&#8221; color=&#8221;black&#8221; spacing=&#8221;10&#8243; gap=&#8221;10&#8243; active_section=&#8221;1&#8243; no_fill=&#8221;true&#8221;][vc_tta_section title=&#8221;Como encontrar um advogado em Angola por meio do diret\u00f3rio Advocat\u00f3rio?&#8221; tab_id=&#8221;registro-gratuito&#8221;][vc_column_text]Para encontrar um advogado por meio do Advocat\u00f3rio, deve primeiro definir a \u00e1rea ou a especialidade que precisa de ajuda de um profissional do Direito. Pode [&hellip;]<\/p>\n","protected":false},"author":2,"featured_media":0,"parent":0,"menu_order":0,"comment_status":"closed","ping_status":"open","template":"page-full-width.php","meta":{"footnotes":""},"_links":{"self":[{"href":"https:\/\/www.delfiori.com.br\/advocatorio\/wp-json\/wp\/v2\/pages\/109"}],"collection":[{"href":"https:\/\/www.delfiori.com.br\/advocatorio\/wp-json\/wp\/v2\/pages"}],"about":[{"href":"https:\/\/www.delfiori.com.br\/advocatorio\/wp-json\/wp\/v2\/types\/page"}],"author":[{"embeddable":true,"href":"https:\/\/www.delfiori.com.br\/advocatorio\/wp-json\/wp\/v2\/users\/2"}],"replies":[{"embeddable":true,"href":"https:\/\/www.delfiori.com.br\/advocatorio\/wp-json\/wp\/v2\/comments?post=109"}],"version-history":[{"count":18,"href":"https:\/\/www.delfiori.com.br\/advocatorio\/wp-json\/wp\/v2\/pages\/109\/revisions"}],"predecessor-version":[{"id":952,"href":"https:\/\/www.delfiori.com.br\/advocatorio\/wp-json\/wp\/v2\/pages\/109\/revisions\/952"}],"wp:attachment":[{"href":"https:\/\/www.delfiori.com.br\/advocatorio\/wp-json\/wp\/v2\/media?parent=109"}],"curies":[{"name":"wp","href":"https:\/\/api.w.org\/{rel}","templated":true}]}}