{"id":11,"date":"2026-03-04T06:29:41","date_gmt":"2026-03-04T06:29:41","guid":{"rendered":"https:\/\/www.delfiori.com.br\/unicomponentes\/?page_id=11"},"modified":"2026-03-04T08:48:17","modified_gmt":"2026-03-04T08:48:17","slug":"quem-somos","status":"publish","type":"page","link":"https:\/\/www.delfiori.com.br\/unicomponentes\/quem-somos\/","title":{"rendered":"Quem Somos"},"content":{"rendered":"<p>[vc_row][vc_column width=&#8221;2\/3&#8243;][vc_column_text]<\/p>\n<h1>Especialista em Componentes para Cadeiras<\/h1>\n<p>A Unicomponentes Brasil \u00e9 uma empresa especializada no fornecimento de componentes para cadeiras de escrit\u00f3rio, atuando junto \u00e0 ind\u00fastria de m\u00f3veis com foco em solu\u00e7\u00f5es t\u00e9cnicas, confi\u00e1veis e compat\u00edveis com processos produtivos industriais.<\/p>\n<p>Nossa experi\u00eancia de mais de duas d\u00e9cadas no mercado de m\u00f3veis nos permite compreender profundamente as necessidades de fabricantes que atuam na produ\u00e7\u00e3o de cadeiras corporativas, estofados e mobili\u00e1rio profissional. Trabalhamos com crit\u00e9rios t\u00e9cnicos rigorosos, priorizando qualidade, seguran\u00e7a e desempenho funcional.<\/p>\n<p>Ao longo de nossa trajet\u00f3ria, consolidamos parcerias estrat\u00e9gicas com fornecedores homologados e desenvolvemos um portf\u00f3lio capaz de atender diferentes perfis de projetos, desde aplica\u00e7\u00f5es mais funcionais at\u00e9 solu\u00e7\u00f5es com maior n\u00edvel t\u00e9cnico.[\/vc_column_text][\/vc_column][vc_column width=&#8221;1\/3&#8243;][vc_column_text]<\/p>\n<h3>Fale com Nosso Time<\/h3>\n<p>Preencha o formul\u00e1rio abaixo e fale com nossos especialistas[\/vc_column_text][vc_spacer size=&#8221;33px&#8221;]\n<div class=\"wpcf7 no-js\" id=\"wpcf7-f7-o1\" lang=\"pt-BR\" dir=\"ltr\" data-wpcf7-id=\"7\">\n<div class=\"screen-reader-response\"><p role=\"status\" aria-live=\"polite\" aria-atomic=\"true\"><\/p> <ul><\/ul><\/div>\n<form action=\"\/unicomponentes\/wp-json\/wp\/v2\/pages\/11#wpcf7-f7-o1\" method=\"post\" class=\"wpcf7-form init\" aria-label=\"Formul\u00e1rios de contato\" novalidate=\"novalidate\" data-status=\"init\">\n<fieldset class=\"hidden-fields-container\"><input type=\"hidden\" name=\"_wpcf7\" value=\"7\" \/><input type=\"hidden\" name=\"_wpcf7_version\" value=\"6.1.5\" \/><input type=\"hidden\" name=\"_wpcf7_locale\" value=\"pt_BR\" \/><input type=\"hidden\" name=\"_wpcf7_unit_tag\" value=\"wpcf7-f7-o1\" \/><input type=\"hidden\" name=\"_wpcf7_container_post\" value=\"0\" \/><input type=\"hidden\" name=\"_wpcf7_posted_data_hash\" value=\"\" \/>\n<\/fieldset>\n<p><label> Seu nome<br \/>\n<span class=\"wpcf7-form-control-wrap\" data-name=\"your-name\"><input size=\"40\" maxlength=\"400\" class=\"wpcf7-form-control wpcf7-text wpcf7-validates-as-required\" autocomplete=\"name\" aria-required=\"true\" aria-invalid=\"false\" value=\"\" type=\"text\" name=\"your-name\" \/><\/span> <\/label>\n<\/p>\n<p><label> Seu e-mail<br \/>\n<span class=\"wpcf7-form-control-wrap\" data-name=\"your-email\"><input size=\"40\" maxlength=\"400\" class=\"wpcf7-form-control wpcf7-email wpcf7-validates-as-required wpcf7-text wpcf7-validates-as-email\" autocomplete=\"email\" aria-required=\"true\" aria-invalid=\"false\" value=\"\" type=\"email\" name=\"your-email\" \/><\/span> <\/label>\n<\/p>\n<p><label> Seu WhatsApp<br \/>\n<span class=\"wpcf7-form-control-wrap\" data-name=\"WhatsApp\"><input size=\"40\" maxlength=\"400\" class=\"wpcf7-form-control wpcf7-tel wpcf7-validates-as-required wpcf7-text wpcf7-validates-as-tel\" aria-required=\"true\" aria-invalid=\"false\" value=\"\" type=\"tel\" name=\"WhatsApp\" \/><\/span> <\/label>\n<\/p>\n<p><label> Assunto<br \/>\n<span class=\"wpcf7-form-control-wrap\" data-name=\"your-subject\"><input size=\"40\" maxlength=\"400\" class=\"wpcf7-form-control wpcf7-text wpcf7-validates-as-required\" aria-required=\"true\" aria-invalid=\"false\" value=\"\" type=\"text\" name=\"your-subject\" \/><\/span> <\/label>\n<\/p>\n<p><label> Sua mensagem<br \/>\n<span class=\"wpcf7-form-control-wrap\" data-name=\"your-message\"><textarea cols=\"40\" rows=\"10\" maxlength=\"2000\" class=\"wpcf7-form-control wpcf7-textarea\" aria-invalid=\"false\" name=\"your-message\"><\/textarea><\/span> <\/label>\n<\/p>\n<p><input class=\"wpcf7-form-control wpcf7-submit has-spinner\" type=\"submit\" value=\"Enviar\" \/>\n<\/p><p style=\"display: none !important;\" class=\"akismet-fields-container\" data-prefix=\"_wpcf7_ak_\"><label>&#916;<textarea name=\"_wpcf7_ak_hp_textarea\" cols=\"45\" rows=\"8\" maxlength=\"100\"><\/textarea><\/label><input type=\"hidden\" id=\"ak_js_1\" name=\"_wpcf7_ak_js\" value=\"79\"\/><script>document.getElementById( \"ak_js_1\" ).setAttribute( \"value\", ( new Date() ).getTime() );<\/script><\/p><div class=\"wpcf7-response-output\" aria-hidden=\"true\"><\/div>\n<\/form>\n<\/div>\n[\/vc_column][\/vc_row]<\/p>\n","protected":false},"excerpt":{"rendered":"<p>[vc_row][vc_column width=&#8221;2\/3&#8243;][vc_column_text] Especialista em Componentes para Cadeiras A Unicomponentes Brasil \u00e9 uma empresa especializada no fornecimento de componentes para cadeiras de escrit\u00f3rio, atuando junto \u00e0 ind\u00fastria de m\u00f3veis com foco em solu\u00e7\u00f5es t\u00e9cnicas, confi\u00e1veis e compat\u00edveis com processos produtivos industriais. Nossa experi\u00eancia de mais de duas d\u00e9cadas no mercado de m\u00f3veis nos permite compreender profundamente [&hellip;]<\/p>\n","protected":false},"author":1,"featured_media":0,"parent":0,"menu_order":0,"comment_status":"closed","ping_status":"open","template":"page-full-width.php","meta":{"_joinchat":[],"footnotes":""},"class_list":["post-11","page","type-page","status-publish","hentry"],"_links":{"self":[{"href":"https:\/\/www.delfiori.com.br\/unicomponentes\/wp-json\/wp\/v2\/pages\/11","targetHints":{"allow":["GET"]}}],"collection":[{"href":"https:\/\/www.delfiori.com.br\/unicomponentes\/wp-json\/wp\/v2\/pages"}],"about":[{"href":"https:\/\/www.delfiori.com.br\/unicomponentes\/wp-json\/wp\/v2\/types\/page"}],"author":[{"embeddable":true,"href":"https:\/\/www.delfiori.com.br\/unicomponentes\/wp-json\/wp\/v2\/users\/1"}],"replies":[{"embeddable":true,"href":"https:\/\/www.delfiori.com.br\/unicomponentes\/wp-json\/wp\/v2\/comments?post=11"}],"version-history":[{"count":8,"href":"https:\/\/www.delfiori.com.br\/unicomponentes\/wp-json\/wp\/v2\/pages\/11\/revisions"}],"predecessor-version":[{"id":77,"href":"https:\/\/www.delfiori.com.br\/unicomponentes\/wp-json\/wp\/v2\/pages\/11\/revisions\/77"}],"wp:attachment":[{"href":"https:\/\/www.delfiori.com.br\/unicomponentes\/wp-json\/wp\/v2\/media?parent=11"}],"curies":[{"name":"wp","href":"https:\/\/api.w.org\/{rel}","templated":true}]}}