{"id":12,"date":"2026-03-04T06:29:47","date_gmt":"2026-03-04T06:29:47","guid":{"rendered":"https:\/\/www.delfiori.com.br\/unicomponentes\/?page_id=12"},"modified":"2026-04-07T17:26:03","modified_gmt":"2026-04-07T17:26:03","slug":"produtos","status":"publish","type":"page","link":"https:\/\/www.delfiori.com.br\/unicomponentes\/produtos\/","title":{"rendered":"Produtos"},"content":{"rendered":"<p>[vc_row][vc_column width=&#8221;2\/3&#8243; css=&#8221;.vc_custom_1775555565755{padding-right: 77px !important;}&#8221;][vc_column_text]<\/p>\n<h1>Componentes para Cadeiras de Escrit\u00f3rio<\/h1>\n<p>A Unicomponentes oferece um portf\u00f3lio completo de componentes para cadeiras de escrit\u00f3rio, desenvolvido para atender \u00e0s necessidades da ind\u00fastria de m\u00f3veis e aos padr\u00f5es t\u00e9cnicos exigidos pela produ\u00e7\u00e3o em escala.<\/p>\n<p>Trabalhamos com uma ampla variedade de componentes e acess\u00f3rios estruturais, cuidadosamente selecionados para garantir desempenho, durabilidade e seguran\u00e7a nas aplica\u00e7\u00f5es industriais.<\/p>\n<p>[\/vc_column_text][vc_spacer size=&#8221;43px&#8221;][vc_column_text]<\/p>\n<h2>Principais Componentes<\/h2>\n<p>[\/vc_column_text][vc_spacer size=&#8221;33px&#8221;][vc_tta_accordion color=&#8221;black&#8221; spacing=&#8221;10&#8243; gap=&#8221;10&#8243; active_section=&#8221;999&#8243; no_fill=&#8221;true&#8221; collapsible_all=&#8221;true&#8221;][vc_tta_section title=&#8221;Pist\u00e3o \/ Coluna a G\u00e1s: Classe 3 e Classe 4&#8243; tab_id=&#8221;1775555026016-1580d748-791b&#8221;][vc_row_inner][vc_column_inner][vc_column_text]Sistemas de amortecimento e ajuste de altura pneum\u00e1tico com tecnologia de nitrog\u00eanio sob press\u00e3o. Essenciais para a ergonomia e ajuste adequado da cadeira.<\/p>\n<p>Produzidos conforme a norma DIN 4550 A classifica\u00e7\u00e3o por &#8220;Classes&#8221; define o rigor construtivo e a capacidade de carga:<\/p>\n<p><strong>Pist\u00e3o Classe 3<\/strong>: modelo de alta performance com tubo de parede de<strong> 2,0 mm<\/strong>. \u00c9 o padr\u00e3o para cadeiras operativas de alta qualidade, suportando usu\u00e1rios de at\u00e9 <strong>120kg <\/strong>com excelente estabilidade e resist\u00eancia a ciclos de uso intensivo.<\/p>\n<p><strong>Pist\u00e3o Classe 4<\/strong>: modelo robusto, com parede de tubo refor\u00e7ada de <strong>2.5 mm<\/strong> \u00a0e tratamento superficial que eleva a dureza do a\u00e7o do tubo (QPQ) . Oferece seguran\u00e7a m\u00e1xima e suporte para at\u00e9 <strong>150kg<\/strong>, sendo o mais indicado para ambientes de uso 24 horas ou onde se exige o m\u00e1ximo de robustez e longevidade estrutural.<\/p>\n<p>Garantem suavidade no movimento de subida, atendendo aos requisitos de ciclagens das normas NBR 13962 e BIFMA 5.0[\/vc_column_text][\/vc_column_inner][\/vc_row_inner][\/vc_tta_section][vc_tta_section title=&#8221;Bases Girat\u00f3rias \/ Estrelas:&#8221; tab_id=&#8221;1775555026029-5baceb8a-9a12&#8243;][vc_column_text]Elemento fundamental de estabilidade da cadeira. Produzidas em materiais de alta performance como Nylon com fibra de vidro, tubo de a\u00e7o com capa pl\u00e1stica ou alum\u00ednio injetado.<\/p>\n<p>Projetadas para suportar altas cargas, com di\u00e2metros que garantem o equil\u00edbrio din\u00e2mico e a seguran\u00e7a do usu\u00e1rio na cadeira.<\/p>\n<p>Quando o usu\u00e1rio utiliza o mecanismo relax ou back system, o centro de massa se desloca para tr\u00e1s. Uma base de qualidade na Unicomponentes garante que esse deslocamento n\u00e3o ultrapasse o limite do bra\u00e7o de alavanca da haste traseira, definido e delimitado pelo <strong>pol\u00edgono de estabilidade<\/strong> formado pelos 5 pontos de contato dos rod\u00edzios com o solo.<\/p>\n<p>O ponto de equil\u00edbrio vai depender da rigidez estrutural. Nossas bases mant\u00eam a rigidez geom\u00e9trica, evitando deforma\u00e7\u00f5es que podem deslocar o ponto de equil\u00edbrio e causar instabilidade e incidentes ao usu\u00e1rio.[\/vc_column_text][\/vc_tta_section][vc_tta_section title=&#8221;Rod\u00edzios \/ rodinhas:&#8221; tab_id=&#8221;1775555169509-3de61880-7dc6&#8243;][vc_column_text]Componentes de rodagem desenvolvidos para diferentes superf\u00edcies.<\/p>\n<ol>\n<li><strong> Rod\u00edzios Tipo H (Hard\/Duro)<\/strong><\/li>\n<\/ol>\n<ul>\n<li><strong>Aplica\u00e7\u00e3o:<\/strong> Indicados exclusivamente para <strong>pisos macios<\/strong>, como: carpetes, tapetes e forra\u00e7\u00f5es.<\/li>\n<li><strong>Composi\u00e7\u00e3o:<\/strong> Produzidos integralmente com pol\u00edmeros r\u00edgidos em sua banda de rodagem.<\/li>\n<li><strong>Caracter\u00edsticas T\u00e9cnicas:<\/strong> Possuem banda de rodagem r\u00edgida para reduzir a resist\u00eancia ao rolamento em superf\u00edcies que tendem a &#8220;travar&#8221; a roda. Se utilizados em pisos frios, podem ser ruidosos e causar microfissuras no revestimento devido \u00e0 dureza do material.<\/li>\n<\/ul>\n<p>&nbsp;<\/p>\n<ol start=\"2\">\n<li><strong> Rod\u00edzios Tipo W (Soft\/Macio)<\/strong><\/li>\n<\/ol>\n<ul>\n<li><strong>Aplica\u00e7\u00e3o:<\/strong> Desenvolvidos para <strong>pisos frios (duros)<\/strong> como, cer\u00e2mica, porcelanato, madeira e laminados.<\/li>\n<li><strong>Composi\u00e7\u00e3o:<\/strong> Possuem um revestimento macio (el\u00e1stico) na banda de rodagem, geralmente produzidos em elast\u00f4meros termopl\u00e1sticos.<\/li>\n<li><strong>Caracter\u00edsticas T\u00e9cnicas:<\/strong> A camada macia absorve vibra\u00e7\u00f5es, proporciona um deslocamento silencioso e, principalmente, <strong>evita riscos e danos ao piso<\/strong>. \u00c9 o modelo exigido pela norma <strong>NR-17<\/strong> para garantir a ergonomia e o conforto ac\u00fastico em escrit\u00f3rios com pisos r\u00edgidos.<\/li>\n<\/ul>\n<p>[\/vc_column_text][\/vc_tta_section][vc_tta_section title=&#8221;Mecanismo Relax&#8221; tab_id=&#8221;1775555197974-8f5aa600-876d&#8221;][vc_column_text]Relax : Mecanismo composto por chapas estampadas e pintadas montadas de forma a permitir uma \u201coscila\u00e7\u00e3o\u201d angular entre elas , com uma carga de mola para suportar o peso do usu\u00e1rio , este mecanismo disp\u00f5e de um manipulo de ajuste de tens\u00e3o da mola que permite adapta\u00e7\u00e3o aos diferentes bi\u00f3tipos de usu\u00e1rios<\/p>\n<p>Oferece conforto para momentos de pausa e foco, com trava na posi\u00e7\u00e3o vertical[\/vc_column_text][\/vc_tta_section][vc_tta_section title=&#8221;Mecanismo Back System&#8221; tab_id=&#8221;1775555221775-93fb1957-66b4&#8243;][vc_column_text]Back System: Mecanismo ergon\u00f4mico com inclina\u00e7\u00e3o do encosto e assento fixo que proporciona ajuste na regi\u00e3o lombar do usu\u00e1rio atrav\u00e9s da alavanca que permite a parada em infinitas posi\u00e7\u00f5es entre os \u00e2ngulos de 80 e 102 \u00ba e tamb\u00e9m ajuste da altura do encosto atrav\u00e9s de sistema de \u201ccatraca\u201d up &amp;down com parada em 7\u00a0 posi\u00e7\u00f5es[\/vc_column_text][\/vc_tta_section][vc_tta_section title=&#8221;Mecanismo Syncron&#8221; tab_id=&#8221;1775555292136-6ba1f3be-d939&#8243;][vc_column_text]Mecanismo de inclina\u00e7\u00e3o do assento e encosto na porposr\u00e7\u00e3o de 1:2 ,\u00a0 com mola de tens\u00e3o ,\u00a0 possui regulagem de press\u00e3o de acordo com o usu\u00e1rio e parada na posi\u00e7\u00e3o de trabalho[\/vc_column_text][\/vc_tta_section][vc_tta_section title=&#8221;Mecanismo Syncron Peso Persona&#8221; tab_id=&#8221;1775582081723-7cf0de5f-a609&#8243;][vc_column_text]Mecanismo de inclina\u00e7\u00e3o do assento e encosto na propor\u00e7\u00e3o de 1:4 ,\u00a0 se ajusta automaticamente ao peso do usu\u00e1rio por possuir sistema de press\u00e3o de mola que\u00a0 reverte o peso para a press\u00e3o do encosto parada em 4 posi\u00e7\u00f5es e sistema Antishock[\/vc_column_text][\/vc_tta_section][vc_tta_section title=&#8221;Flange Universal&#8221; tab_id=&#8221;1775555248014-b7a6b2f0-6d05&#8243;][vc_column_text]Componente de conex\u00e3o entre o assento e o pist\u00e3o. A <strong>Flange Universal<\/strong> Possui alavanca de regulagem de altura que aciona o pist\u00e3o a g\u00e1s.<\/p>\n<p>Com furos oblongos, \u00e9 poss\u00edvel utilizar assentos que variam as fura\u00e7\u00f5es de 125 x 125mm at\u00e9 160 x 200mm, possui alojamento para encaixe e fixa\u00e7\u00e3o do encosto tubular ou em lamina de a\u00e7o.<\/p>\n<p>Confeccionada em chapa de a\u00e7o de 2,65 mm confere resist\u00eancia e durabilidade ao produto[\/vc_column_text][\/vc_tta_section][vc_tta_section title=&#8221;Flange Econ\u00f4mica&#8221; tab_id=&#8221;1775555270494-a798b947-1047&#8243;][vc_column_text]Componente de conex\u00e3o entre o assento e o pist\u00e3o. A <strong>Flange Economica<\/strong> Possui alavanca de regulagem de altura que aciona o pist\u00e3o a g\u00e1s.<\/p>\n<p>Com furos oblongos, \u00e9 poss\u00edvel utilizar assentos com fura\u00e7\u00e3o \u00a0de 125 x 125mm , possui alojamento para encaixe e fixa\u00e7\u00e3o do encosto tubular<\/p>\n<p>Confeccionada em chapa de a\u00e7o de 2,00 mm de forma compacta , se encaixa perfeitamente nos projetos que requeiram ganho de espa\u00e7o[\/vc_column_text][\/vc_tta_section][vc_tta_section title=&#8221;Bra\u00e7os Regul\u00e1veis e Fixos&#8221; tab_id=&#8221;1775555324811-fe11eb30-36a9&#8243;][vc_column_text]Componentes essenciais para a o apoio dos membros superiores na cadeira. Os <strong>Bra\u00e7os Fixos <\/strong>\u00a0permitem o adequado apoio dos bra\u00e7os em cadeiras Diretivas privilegiando o Design e a est\u00e9tica do conjunto<\/p>\n<ul>\n<li><strong>Fun\u00e7\u00e3o T\u00e9cnica:<\/strong> Permite que o usu\u00e1rio alinhe a altura do apoio de bra\u00e7o com o tampo da mesa, apoiando assim o cotovelo sem elevar os ombros<\/li>\n<\/ul>\n<p>Componentes essenciais para a o apoio dos membros superiores na cadeira. Os <strong>Bra\u00e7os Regul\u00e1veis<\/strong> (1D a 4D) permitem ajustes de altura, largura e \u00e2ngulo, prevenindo les\u00f5es por esfor\u00e7o repetitivo (LER\/DORT).<\/p>\n<p><strong>A evolu\u00e7\u00e3o dos Bra\u00e7os Regul\u00e1veis de 1D a 4D<\/strong><\/p>\n<p><strong>Bra\u00e7os 1D (Altura)<\/strong><\/p>\n<ul>\n<li><strong>Movimento:<\/strong> Ajuste apenas na vertical (sobe e desce).<\/li>\n<li><strong>Fun\u00e7\u00e3o T\u00e9cnica:<\/strong> Permite que o usu\u00e1rio alinhe a altura do apoio de bra\u00e7o com o tampo da mesa, garantindo que o cotovelo fique em um \u00e2ngulo de 90graus sem elevar os ombros.<\/li>\n<li><strong>Aplica\u00e7\u00e3o:<\/strong> Cadeiras operativas de entrada que j\u00e1 buscam atender requisitos b\u00e1sicos de ergonomia.<\/li>\n<\/ul>\n<p><strong>Bra\u00e7os 2D (Altura + Largura)<\/strong><\/p>\n<ul>\n<li><strong>Movimento:<\/strong> Al\u00e9m da regulagem altura, permite o ajuste lateral (dist\u00e2ncia entre os bra\u00e7os).<\/li>\n<li><strong>Fun\u00e7\u00e3o T\u00e9cnica:<\/strong> Fundamental para atender diferentes biotipos. Usu\u00e1rios com ombros mais largos ou mais estreitos conseguem aproximar ou afastar os apoios para manter os bra\u00e7os alinhados ao tronco.<\/li>\n<li><strong>Aplica\u00e7\u00e3o:<\/strong> Linhas administrativas e postos de trabalho multiusu\u00e1rios.<\/li>\n<\/ul>\n<p><strong>Bra\u00e7os 3D (Altura + Largura + Profundidade)<\/strong><\/p>\n<ul>\n<li><strong>Movimento:<\/strong> Adiciona o ajuste do &#8220;pad&#8221; (apoio) para frente e para tr\u00e1s.<\/li>\n<li><strong>Fun\u00e7\u00e3o T\u00e9cnica:<\/strong> Permite que o usu\u00e1rio se aproxime mais da mesa sem que o bra\u00e7o da cadeira bata no tampo, ou ajusta o suporte de acordo com o comprimento do antebra\u00e7o do usu\u00e1rio.<\/li>\n<li><strong>Aplica\u00e7\u00e3o:<\/strong> Cadeiras de alta performance e uso intensivo.<\/li>\n<\/ul>\n<p><strong>Bra\u00e7os 4D (Altura + Largura + Profundidade + \u00c2ngulo)<\/strong><\/p>\n<ul>\n<li><strong>Movimento:<\/strong> O ajuste de &#8220;Giro&#8221; ou \u00c2ngulo (Piv\u00f4) no sentido hor\u00e1rio e anti-hor\u00e1rio.<\/li>\n<li><strong>Fun\u00e7\u00e3o T\u00e9cnica:<\/strong> \u00c9 o \u00e1pice da ergonomia. Ao girar o apoio para dentro, o usu\u00e1rio recebe suporte total enquanto digita ou usa o celular, evitando a abdu\u00e7\u00e3o dos bra\u00e7os. Ao girar para fora, facilita o movimento de levantar da cadeira.<\/li>\n<li><strong>Aplica\u00e7\u00e3o:<\/strong> Cadeiras de alto padr\u00e3o (Presidente\/Diretoria) e cadeiras Gamer Premium.<\/li>\n<\/ul>\n<p>[\/vc_column_text][\/vc_tta_section][vc_tta_section title=&#8221;Aros , Sapatas e Prolonagadores&#8221; tab_id=&#8221;1775555366418-a3565543-bde0&#8243;][vc_column_text]Acess\u00f3rios de fixa\u00e7\u00e3o e termina\u00e7\u00e3o e outros:<\/p>\n<p>As sapatas s\u00e3o indicadas para cadeiras fixas ou de recep\u00e7\u00e3o onde a mobilidade n\u00e3o \u00e9 desejada, garantindo a preserva\u00e7\u00e3o do piso e a estabilidade total da estrutura.<\/p>\n<p>Os aros s\u00e3o sistemas de apoio dos p\u00e9s para cadeiras de alturas elevadas com oas tipo caixa, confeccionados em tubo de a\u00e7o de parede 1,2mm de espessura em formato de \u201cO\u201d com regulagem central e pintura eletrost\u00e1tica a p\u00f3 na cor preta.<\/p>\n<p>Os Prolongadores s\u00e3o acess\u00f3rios que elevam a altura do assento para garantir a ergonomia do usu\u00e1rio em bancadas altas e esta\u00e7\u00f5es de trabalho com aproximadamente 1,00 m do piso[\/vc_column_text][\/vc_tta_section][\/vc_tta_accordion][vc_spacer size=&#8221;43px&#8221;][vc_column_text]Cada componente \u00e9 pensado para integra\u00e7\u00e3o eficiente aos sistemas de cadeiras, facilitando a montagem, manuten\u00e7\u00e3o e padroniza\u00e7\u00e3o dos produtos finais.[\/vc_column_text][\/vc_column][vc_column width=&#8221;1\/3&#8243;][vc_column_text]<\/p>\n<h3>Fale com Nosso Time<\/h3>\n<p>Preencha o formul\u00e1rio abaixo e fale com nossos especialistas[\/vc_column_text][vc_spacer size=&#8221;33px&#8221;]\n<div class=\"wpcf7 no-js\" id=\"wpcf7-f7-o1\" lang=\"pt-BR\" dir=\"ltr\" data-wpcf7-id=\"7\">\n<div class=\"screen-reader-response\"><p role=\"status\" aria-live=\"polite\" aria-atomic=\"true\"><\/p> <ul><\/ul><\/div>\n<form action=\"\/unicomponentes\/wp-json\/wp\/v2\/pages\/12#wpcf7-f7-o1\" method=\"post\" class=\"wpcf7-form init\" aria-label=\"Formul\u00e1rios de contato\" novalidate=\"novalidate\" data-status=\"init\">\n<fieldset class=\"hidden-fields-container\"><input type=\"hidden\" name=\"_wpcf7\" value=\"7\" \/><input type=\"hidden\" name=\"_wpcf7_version\" value=\"6.1.5\" \/><input type=\"hidden\" name=\"_wpcf7_locale\" value=\"pt_BR\" \/><input type=\"hidden\" name=\"_wpcf7_unit_tag\" value=\"wpcf7-f7-o1\" \/><input type=\"hidden\" name=\"_wpcf7_container_post\" value=\"0\" \/><input type=\"hidden\" name=\"_wpcf7_posted_data_hash\" value=\"\" \/>\n<\/fieldset>\n<p><label> Seu nome<br \/>\n<span class=\"wpcf7-form-control-wrap\" data-name=\"your-name\"><input size=\"40\" maxlength=\"400\" class=\"wpcf7-form-control wpcf7-text wpcf7-validates-as-required\" autocomplete=\"name\" aria-required=\"true\" aria-invalid=\"false\" value=\"\" type=\"text\" name=\"your-name\" \/><\/span> <\/label>\n<\/p>\n<p><label> Seu e-mail<br \/>\n<span class=\"wpcf7-form-control-wrap\" data-name=\"your-email\"><input size=\"40\" maxlength=\"400\" class=\"wpcf7-form-control wpcf7-email wpcf7-validates-as-required wpcf7-text wpcf7-validates-as-email\" autocomplete=\"email\" aria-required=\"true\" aria-invalid=\"false\" value=\"\" type=\"email\" name=\"your-email\" \/><\/span> <\/label>\n<\/p>\n<p><label> Seu WhatsApp<br \/>\n<span class=\"wpcf7-form-control-wrap\" data-name=\"WhatsApp\"><input size=\"40\" maxlength=\"400\" class=\"wpcf7-form-control wpcf7-tel wpcf7-validates-as-required wpcf7-text wpcf7-validates-as-tel\" aria-required=\"true\" aria-invalid=\"false\" value=\"\" type=\"tel\" name=\"WhatsApp\" \/><\/span> <\/label>\n<\/p>\n<p><label> Assunto<br \/>\n<span class=\"wpcf7-form-control-wrap\" data-name=\"your-subject\"><input size=\"40\" maxlength=\"400\" class=\"wpcf7-form-control wpcf7-text wpcf7-validates-as-required\" aria-required=\"true\" aria-invalid=\"false\" value=\"\" type=\"text\" name=\"your-subject\" \/><\/span> <\/label>\n<\/p>\n<p><label> Sua mensagem<br \/>\n<span class=\"wpcf7-form-control-wrap\" data-name=\"your-message\"><textarea cols=\"40\" rows=\"10\" maxlength=\"2000\" class=\"wpcf7-form-control wpcf7-textarea\" aria-invalid=\"false\" name=\"your-message\"><\/textarea><\/span> <\/label>\n<\/p>\n<p><input class=\"wpcf7-form-control wpcf7-submit has-spinner\" type=\"submit\" value=\"Enviar\" \/>\n<\/p><p style=\"display: none !important;\" class=\"akismet-fields-container\" data-prefix=\"_wpcf7_ak_\"><label>&#916;<textarea name=\"_wpcf7_ak_hp_textarea\" cols=\"45\" rows=\"8\" maxlength=\"100\"><\/textarea><\/label><input type=\"hidden\" id=\"ak_js_1\" name=\"_wpcf7_ak_js\" value=\"140\"\/><script>document.getElementById( \"ak_js_1\" ).setAttribute( \"value\", ( new Date() ).getTime() );<\/script><\/p><div class=\"wpcf7-response-output\" aria-hidden=\"true\"><\/div>\n<\/form>\n<\/div>\n[\/vc_column][\/vc_row]<\/p>\n","protected":false},"excerpt":{"rendered":"<p>[vc_row][vc_column width=&#8221;2\/3&#8243; css=&#8221;.vc_custom_1775555565755{padding-right: 77px !important;}&#8221;][vc_column_text] Componentes para Cadeiras de Escrit\u00f3rio A Unicomponentes oferece um portf\u00f3lio completo de componentes para cadeiras de escrit\u00f3rio, desenvolvido para atender \u00e0s necessidades da ind\u00fastria de m\u00f3veis e aos padr\u00f5es t\u00e9cnicos exigidos pela produ\u00e7\u00e3o em escala. Trabalhamos com uma ampla variedade de componentes e acess\u00f3rios estruturais, cuidadosamente selecionados para garantir desempenho, [&hellip;]<\/p>\n","protected":false},"author":1,"featured_media":0,"parent":0,"menu_order":0,"comment_status":"closed","ping_status":"open","template":"page-full-width.php","meta":{"_joinchat":[],"footnotes":""},"class_list":["post-12","page","type-page","status-publish","hentry"],"_links":{"self":[{"href":"https:\/\/www.delfiori.com.br\/unicomponentes\/wp-json\/wp\/v2\/pages\/12","targetHints":{"allow":["GET"]}}],"collection":[{"href":"https:\/\/www.delfiori.com.br\/unicomponentes\/wp-json\/wp\/v2\/pages"}],"about":[{"href":"https:\/\/www.delfiori.com.br\/unicomponentes\/wp-json\/wp\/v2\/types\/page"}],"author":[{"embeddable":true,"href":"https:\/\/www.delfiori.com.br\/unicomponentes\/wp-json\/wp\/v2\/users\/1"}],"replies":[{"embeddable":true,"href":"https:\/\/www.delfiori.com.br\/unicomponentes\/wp-json\/wp\/v2\/comments?post=12"}],"version-history":[{"count":34,"href":"https:\/\/www.delfiori.com.br\/unicomponentes\/wp-json\/wp\/v2\/pages\/12\/revisions"}],"predecessor-version":[{"id":176,"href":"https:\/\/www.delfiori.com.br\/unicomponentes\/wp-json\/wp\/v2\/pages\/12\/revisions\/176"}],"wp:attachment":[{"href":"https:\/\/www.delfiori.com.br\/unicomponentes\/wp-json\/wp\/v2\/media?parent=12"}],"curies":[{"name":"wp","href":"https:\/\/api.w.org\/{rel}","templated":true}]}}