{"id":13,"date":"2026-03-04T06:29:54","date_gmt":"2026-03-04T06:29:54","guid":{"rendered":"https:\/\/www.delfiori.com.br\/unicomponentes\/?page_id=13"},"modified":"2026-03-04T07:24:03","modified_gmt":"2026-03-04T07:24:03","slug":"catalogo","status":"publish","type":"page","link":"https:\/\/www.delfiori.com.br\/unicomponentes\/catalogo\/","title":{"rendered":"Cat\u00e1logo"},"content":{"rendered":"<p>[vc_row][vc_column][vc_column_text]<\/p>\n<h1>P\u00e1gina em Constru\u00e7\u00e3o<\/h1>\n<p>Estamos desenvolvendo um cat\u00e1logo online. Em breve&#8230;<\/p>\n<p>[\/vc_column_text][\/vc_column][\/vc_row]<\/p>\n","protected":false},"excerpt":{"rendered":"<p>[vc_row][vc_column][vc_column_text] P\u00e1gina em Constru\u00e7\u00e3o Estamos desenvolvendo um cat\u00e1logo online. Em breve&#8230; [\/vc_column_text][\/vc_column][\/vc_row]<\/p>\n","protected":false},"author":1,"featured_media":0,"parent":0,"menu_order":0,"comment_status":"closed","ping_status":"open","template":"page-full-width.php","meta":{"_joinchat":[],"footnotes":""},"class_list":["post-13","page","type-page","status-publish","hentry"],"_links":{"self":[{"href":"https:\/\/www.delfiori.com.br\/unicomponentes\/wp-json\/wp\/v2\/pages\/13","targetHints":{"allow":["GET"]}}],"collection":[{"href":"https:\/\/www.delfiori.com.br\/unicomponentes\/wp-json\/wp\/v2\/pages"}],"about":[{"href":"https:\/\/www.delfiori.com.br\/unicomponentes\/wp-json\/wp\/v2\/types\/page"}],"author":[{"embeddable":true,"href":"https:\/\/www.delfiori.com.br\/unicomponentes\/wp-json\/wp\/v2\/users\/1"}],"replies":[{"embeddable":true,"href":"https:\/\/www.delfiori.com.br\/unicomponentes\/wp-json\/wp\/v2\/comments?post=13"}],"version-history":[{"count":2,"href":"https:\/\/www.delfiori.com.br\/unicomponentes\/wp-json\/wp\/v2\/pages\/13\/revisions"}],"predecessor-version":[{"id":48,"href":"https:\/\/www.delfiori.com.br\/unicomponentes\/wp-json\/wp\/v2\/pages\/13\/revisions\/48"}],"wp:attachment":[{"href":"https:\/\/www.delfiori.com.br\/unicomponentes\/wp-json\/wp\/v2\/media?parent=13"}],"curies":[{"name":"wp","href":"https:\/\/api.w.org\/{rel}","templated":true}]}}