{"id":2,"date":"2026-03-03T22:29:55","date_gmt":"2026-03-03T22:29:55","guid":{"rendered":"http:\/\/www.delfiori.com.br\/unicomponentes\/?page_id=2"},"modified":"2026-04-07T17:22:54","modified_gmt":"2026-04-07T17:22:54","slug":"sample-page","status":"publish","type":"page","link":"https:\/\/www.delfiori.com.br\/unicomponentes\/","title":{"rendered":"Home"},"content":{"rendered":"<p>[vc_row full_content_width=&#8221;row-inner-full&#8221; top=&#8221;0px&#8221;][vc_column][vc_single_image image=&#8221;68&#8243; img_size=&#8221;full&#8221; onclick=&#8221;custom_link&#8221; img_link_target=&#8221;_blank&#8221; link=&#8221;https:\/\/api.whatsapp.com\/send\/?phone=553598842493&amp;text=Eu+gostaria+de+saber+mais+sobre&amp;type=phone_number&amp;app_absent=0&#8243;][\/vc_column][\/vc_row][vc_row top=&#8221;0px&#8221;][vc_column][vc_column_text]<\/p>\n<h1>Componentes e Solu\u00e7\u00f5es T\u00e9cnicas para Cadeiras de Escrit\u00f3rio no Brasil<\/h1>\n<p>A Unicomponentes Brasil atua como fornecedora especializada de componentes e solu\u00e7\u00f5es t\u00e9cnicas para cadeiras de escrit\u00f3rio, atendendo empresas da ind\u00fastria de m\u00f3veis em todo o pa\u00eds. Operamos no modelo B2B, oferecendo insumos essenciais para fabricantes que buscam padroniza\u00e7\u00e3o, confiabilidade e desempenho t\u00e9cnico em seus produtos.<\/p>\n<p>Com mais de 20 anos de experi\u00eancia no mercado de m\u00f3veis, a Unicomponentes construiu uma trajet\u00f3ria s\u00f3lida no fornecimento de acess\u00f3rios, mecanismos e estruturas funcionais utilizadas na produ\u00e7\u00e3o de cadeiras corporativas e mobili\u00e1rio profissional.<\/p>\n<p>Atendemos fabricantes que necessitam de um fornecedor confi\u00e1vel, capaz de atender diferentes volumes de produ\u00e7\u00e3o, n\u00edveis de projeto e exig\u00eancias t\u00e9cnicas, sempre com foco em escala e regularidade de fornecimento.[\/vc_column_text][\/vc_column][\/vc_row][vc_row full_content_width=&#8221;row-inner-full&#8221; bottom=&#8221;0px&#8221; bg_color=&#8221;#ededed&#8221; el_class=&#8221;linha-produtos&#8221;][vc_column width=&#8221;1\/3&#8243; css=&#8221;.vc_custom_1775556583138{padding-right: 14px !important;padding-left: 14px !important;}&#8221;][vc_single_image image=&#8221;140&#8243; img_size=&#8221;full&#8221; alignment=&#8221;center&#8221; onclick=&#8221;custom_link&#8221; link=&#8221;https:\/\/www.delfiori.com.br\/unicomponentes\/produtos\/&#8221;][\/vc_column][vc_column width=&#8221;1\/3&#8243; css=&#8221;.vc_custom_1775556571666{padding-right: 14px !important;padding-left: 14px !important;}&#8221;][vc_single_image image=&#8221;141&#8243; img_size=&#8221;full&#8221; alignment=&#8221;center&#8221; onclick=&#8221;custom_link&#8221; link=&#8221;https:\/\/www.delfiori.com.br\/unicomponentes\/produtos\/&#8221;][\/vc_column][vc_column width=&#8221;1\/3&#8243; css=&#8221;.vc_custom_1775556564197{padding-right: 14px !important;padding-left: 14px !important;}&#8221;][vc_single_image image=&#8221;142&#8243; img_size=&#8221;full&#8221; alignment=&#8221;center&#8221; onclick=&#8221;custom_link&#8221; link=&#8221;https:\/\/www.delfiori.com.br\/unicomponentes\/produtos\/&#8221;][\/vc_column][\/vc_row][vc_row full_content_width=&#8221;row-inner-full&#8221; bottom=&#8221;0px&#8221; bg_color=&#8221;#ededed&#8221; el_class=&#8221;linha-produtos&#8221;][vc_column width=&#8221;1\/3&#8243; css=&#8221;.vc_custom_1775555921541{padding-right: 14px !important;padding-left: 14px !important;}&#8221;][vc_single_image image=&#8221;143&#8243; img_size=&#8221;full&#8221; alignment=&#8221;center&#8221; onclick=&#8221;custom_link&#8221; link=&#8221;https:\/\/www.delfiori.com.br\/unicomponentes\/produtos\/&#8221;][\/vc_column][vc_column width=&#8221;1\/3&#8243; css=&#8221;.vc_custom_1775556169669{padding-right: 14px !important;padding-left: 14px !important;}&#8221;][vc_single_image image=&#8221;144&#8243; img_size=&#8221;full&#8221; alignment=&#8221;center&#8221; onclick=&#8221;custom_link&#8221; link=&#8221;https:\/\/www.delfiori.com.br\/unicomponentes\/produtos\/&#8221;][\/vc_column][vc_column width=&#8221;1\/3&#8243; css=&#8221;.vc_custom_1775555937619{padding-right: 14px !important;padding-left: 14px !important;}&#8221;][vc_single_image image=&#8221;145&#8243; img_size=&#8221;full&#8221; alignment=&#8221;center&#8221; onclick=&#8221;custom_link&#8221; link=&#8221;https:\/\/www.delfiori.com.br\/unicomponentes\/produtos\/&#8221;][\/vc_column][\/vc_row][vc_row full_content_width=&#8221;row-inner-full&#8221; bottom=&#8221;0px&#8221; bg_color=&#8221;#ededed&#8221; el_class=&#8221;linha-produtos&#8221;][vc_column width=&#8221;1\/3&#8243; css=&#8221;.vc_custom_1775555921541{padding-right: 14px !important;padding-left: 14px !important;}&#8221;][vc_single_image image=&#8221;168&#8243; img_size=&#8221;full&#8221; alignment=&#8221;center&#8221; onclick=&#8221;custom_link&#8221; link=&#8221;https:\/\/www.delfiori.com.br\/unicomponentes\/produtos\/&#8221;][\/vc_column][vc_column width=&#8221;1\/3&#8243; css=&#8221;.vc_custom_1775556169669{padding-right: 14px !important;padding-left: 14px !important;}&#8221;][vc_single_image image=&#8221;169&#8243; img_size=&#8221;full&#8221; alignment=&#8221;center&#8221; onclick=&#8221;custom_link&#8221; link=&#8221;https:\/\/www.delfiori.com.br\/unicomponentes\/produtos\/&#8221;][\/vc_column][vc_column width=&#8221;1\/3&#8243; css=&#8221;.vc_custom_1775555937619{padding-right: 14px !important;padding-left: 14px !important;}&#8221;][vc_single_image image=&#8221;146&#8243; img_size=&#8221;full&#8221; alignment=&#8221;center&#8221; onclick=&#8221;custom_link&#8221; link=&#8221;https:\/\/www.delfiori.com.br\/unicomponentes\/produtos\/&#8221;][\/vc_column][\/vc_row][vc_row full_content_width=&#8221;row-inner-full&#8221; bottom=&#8221;0px&#8221; bg_color=&#8221;#ededed&#8221; el_class=&#8221;linha-produtos&#8221;][vc_column width=&#8221;1\/3&#8243; css=&#8221;.vc_custom_1775555921541{padding-right: 14px !important;padding-left: 14px !important;}&#8221;][vc_single_image image=&#8221;147&#8243; img_size=&#8221;full&#8221; alignment=&#8221;center&#8221; onclick=&#8221;custom_link&#8221; link=&#8221;https:\/\/www.delfiori.com.br\/unicomponentes\/produtos\/&#8221;][\/vc_column][vc_column width=&#8221;1\/3&#8243; css=&#8221;.vc_custom_1775556169669{padding-right: 14px !important;padding-left: 14px !important;}&#8221;][vc_single_image image=&#8221;164&#8243; img_size=&#8221;full&#8221; alignment=&#8221;center&#8221; onclick=&#8221;custom_link&#8221; link=&#8221;https:\/\/www.delfiori.com.br\/unicomponentes\/produtos\/&#8221;][\/vc_column][vc_column width=&#8221;1\/3&#8243; css=&#8221;.vc_custom_1775555937619{padding-right: 14px !important;padding-left: 14px !important;}&#8221;][vc_single_image image=&#8221;149&#8243; img_size=&#8221;full&#8221; alignment=&#8221;center&#8221; onclick=&#8221;custom_link&#8221; link=&#8221;https:\/\/www.delfiori.com.br\/unicomponentes\/produtos\/&#8221;][\/vc_column][\/vc_row][vc_row bg_color=&#8221;#ededed&#8221;][vc_column][vc_raw_html]JTNDc3R5bGUlM0UlMEEubGluaGEtcHJvZHV0b3MlMjAlN0IlMEElMjAlMjBwYWRkaW5nLWxlZnQlM0ElMjAyNXB4JTNCJTBBJTIwJTIwcGFkZGluZy1yaWdodCUzQSUyMDI1cHglM0IlMEElN0QlMEElM0MlMkZzdHlsZSUzRQ==[\/vc_raw_html][\/vc_column][\/vc_row]<\/p>\n","protected":false},"excerpt":{"rendered":"<p>[vc_row full_content_width=&#8221;row-inner-full&#8221; top=&#8221;0px&#8221;][vc_column][vc_single_image image=&#8221;68&#8243; img_size=&#8221;full&#8221; onclick=&#8221;custom_link&#8221; img_link_target=&#8221;_blank&#8221; link=&#8221;https:\/\/api.whatsapp.com\/send\/?phone=553598842493&amp;text=Eu+gostaria+de+saber+mais+sobre&amp;type=phone_number&amp;app_absent=0&#8243;][\/vc_column][\/vc_row][vc_row top=&#8221;0px&#8221;][vc_column][vc_column_text] Componentes e Solu\u00e7\u00f5es T\u00e9cnicas para Cadeiras de Escrit\u00f3rio no Brasil A Unicomponentes Brasil atua como fornecedora especializada de componentes e solu\u00e7\u00f5es t\u00e9cnicas para cadeiras de escrit\u00f3rio, atendendo empresas da ind\u00fastria de m\u00f3veis em todo o pa\u00eds. Operamos no modelo B2B, oferecendo insumos essenciais para fabricantes que [&hellip;]<\/p>\n","protected":false},"author":1,"featured_media":0,"parent":0,"menu_order":0,"comment_status":"closed","ping_status":"open","template":"page-full-width.php","meta":{"_joinchat":[],"footnotes":""},"class_list":["post-2","page","type-page","status-publish","hentry"],"_links":{"self":[{"href":"https:\/\/www.delfiori.com.br\/unicomponentes\/wp-json\/wp\/v2\/pages\/2","targetHints":{"allow":["GET"]}}],"collection":[{"href":"https:\/\/www.delfiori.com.br\/unicomponentes\/wp-json\/wp\/v2\/pages"}],"about":[{"href":"https:\/\/www.delfiori.com.br\/unicomponentes\/wp-json\/wp\/v2\/types\/page"}],"author":[{"embeddable":true,"href":"https:\/\/www.delfiori.com.br\/unicomponentes\/wp-json\/wp\/v2\/users\/1"}],"replies":[{"embeddable":true,"href":"https:\/\/www.delfiori.com.br\/unicomponentes\/wp-json\/wp\/v2\/comments?post=2"}],"version-history":[{"count":42,"href":"https:\/\/www.delfiori.com.br\/unicomponentes\/wp-json\/wp\/v2\/pages\/2\/revisions"}],"predecessor-version":[{"id":171,"href":"https:\/\/www.delfiori.com.br\/unicomponentes\/wp-json\/wp\/v2\/pages\/2\/revisions\/171"}],"wp:attachment":[{"href":"https:\/\/www.delfiori.com.br\/unicomponentes\/wp-json\/wp\/v2\/media?parent=2"}],"curies":[{"name":"wp","href":"https:\/\/api.w.org\/{rel}","templated":true}]}}