{"id":49,"date":"2026-03-04T07:25:43","date_gmt":"2026-03-04T07:25:43","guid":{"rendered":"https:\/\/www.delfiori.com.br\/unicomponentes\/?page_id=49"},"modified":"2026-03-04T08:55:28","modified_gmt":"2026-03-04T08:55:28","slug":"servicos","status":"publish","type":"page","link":"https:\/\/www.delfiori.com.br\/unicomponentes\/servicos\/","title":{"rendered":"Servi\u00e7os"},"content":{"rendered":"<p>[vc_row][vc_column width=&#8221;2\/3&#8243;][vc_column_text]<\/p>\n<h1>Servi\u00e7os T\u00e9cnicos e Assessoria para Fabricantes<\/h1>\n<p>Al\u00e9m do fornecimento de componentes, a Unicomponentes presta servi\u00e7os t\u00e9cnicos especializados voltados a fabricantes da ind\u00fastria de m\u00f3veis. Atuamos como parceira estrat\u00e9gica no desenvolvimento e aprimoramento de produtos, auxiliando nossos clientes na escolha dos componentes mais adequados para cada aplica\u00e7\u00e3o.<\/p>\n<p>Nossa experi\u00eancia de mais de duas d\u00e9cadas no mercado de m\u00f3veis nos permite compreender profundamente as necessidades de fabricantes que atuam na produ\u00e7\u00e3o de cadeiras corporativas, estofados e mobili\u00e1rio profissional. Trabalhamos com crit\u00e9rios t\u00e9cnicos rigorosos, priorizando qualidade, seguran\u00e7a e desempenho funcional.<\/p>\n<p>Ao longo de nossa trajet\u00f3ria, consolidamos parcerias estrat\u00e9gicas com fornecedores homologados e desenvolvemos um portf\u00f3lio capaz de atender diferentes perfis de projetos, desde aplica\u00e7\u00f5es mais funcionais at\u00e9 solu\u00e7\u00f5es com maior n\u00edvel t\u00e9cnico.[\/vc_column_text][vc_spacer size=&#8221;52px&#8221;][vc_column_text]<\/p>\n<h2>Nossos Servi\u00e7os<\/h2>\n<p>[\/vc_column_text][vc_spacer size=&#8221;52px&#8221;][vc_row_inner][vc_column_inner width=&#8221;1\/3&#8243;][vc_column_text]<\/p>\n<h3>Assessoria T\u00e9cnica<\/h3>\n<p>Apoiamos fabricantes na defini\u00e7\u00e3o de componentes compat\u00edveis com seus projetos, considerando ergonomia, desempenho e viabilidade industrial.[\/vc_column_text][\/vc_column_inner][vc_column_inner width=&#8221;1\/3&#8243;][vc_column_text]<\/p>\n<h3>Desenvolvimento de Produtos<\/h3>\n<p>Auxiliamos no processo de desenvolvimento de cadeiras e solu\u00e7\u00f5es estruturais, contribuindo para a melhoria da qualidade final e efici\u00eancia produtiva.[\/vc_column_text][\/vc_column_inner][vc_column_inner width=&#8221;1\/3&#8243;][vc_column_text]<\/p>\n<h3>Fornecimento Sob Demanda<\/h3>\n<p>Atendemos diferentes volumes de produ\u00e7\u00e3o, oferecendo flexibilidade, regularidade log\u00edstica e suporte t\u00e9cnico cont\u00ednuo.[\/vc_column_text][\/vc_column_inner][\/vc_row_inner][\/vc_column][vc_column width=&#8221;1\/3&#8243;][vc_column_text]<\/p>\n<h3>Fale com Nosso Time<\/h3>\n<p>Preencha o formul\u00e1rio abaixo e fale com nossos especialistas[\/vc_column_text][vc_spacer size=&#8221;33px&#8221;]\n<div class=\"wpcf7 no-js\" id=\"wpcf7-f7-o1\" lang=\"pt-BR\" dir=\"ltr\" data-wpcf7-id=\"7\">\n<div class=\"screen-reader-response\"><p role=\"status\" aria-live=\"polite\" aria-atomic=\"true\"><\/p> <ul><\/ul><\/div>\n<form action=\"\/unicomponentes\/wp-json\/wp\/v2\/pages\/49#wpcf7-f7-o1\" method=\"post\" class=\"wpcf7-form init\" aria-label=\"Formul\u00e1rios de contato\" novalidate=\"novalidate\" data-status=\"init\">\n<fieldset class=\"hidden-fields-container\"><input type=\"hidden\" name=\"_wpcf7\" value=\"7\" \/><input type=\"hidden\" name=\"_wpcf7_version\" value=\"6.1.5\" \/><input type=\"hidden\" name=\"_wpcf7_locale\" value=\"pt_BR\" \/><input type=\"hidden\" name=\"_wpcf7_unit_tag\" value=\"wpcf7-f7-o1\" \/><input type=\"hidden\" name=\"_wpcf7_container_post\" value=\"0\" \/><input type=\"hidden\" name=\"_wpcf7_posted_data_hash\" value=\"\" \/>\n<\/fieldset>\n<p><label> Seu nome<br \/>\n<span class=\"wpcf7-form-control-wrap\" data-name=\"your-name\"><input size=\"40\" maxlength=\"400\" class=\"wpcf7-form-control wpcf7-text wpcf7-validates-as-required\" autocomplete=\"name\" aria-required=\"true\" aria-invalid=\"false\" value=\"\" type=\"text\" name=\"your-name\" \/><\/span> <\/label>\n<\/p>\n<p><label> Seu e-mail<br \/>\n<span class=\"wpcf7-form-control-wrap\" data-name=\"your-email\"><input size=\"40\" maxlength=\"400\" class=\"wpcf7-form-control wpcf7-email wpcf7-validates-as-required wpcf7-text wpcf7-validates-as-email\" autocomplete=\"email\" aria-required=\"true\" aria-invalid=\"false\" value=\"\" type=\"email\" name=\"your-email\" \/><\/span> <\/label>\n<\/p>\n<p><label> Seu WhatsApp<br \/>\n<span class=\"wpcf7-form-control-wrap\" data-name=\"WhatsApp\"><input size=\"40\" maxlength=\"400\" class=\"wpcf7-form-control wpcf7-tel wpcf7-validates-as-required wpcf7-text wpcf7-validates-as-tel\" aria-required=\"true\" aria-invalid=\"false\" value=\"\" type=\"tel\" name=\"WhatsApp\" \/><\/span> <\/label>\n<\/p>\n<p><label> Assunto<br \/>\n<span class=\"wpcf7-form-control-wrap\" data-name=\"your-subject\"><input size=\"40\" maxlength=\"400\" class=\"wpcf7-form-control wpcf7-text wpcf7-validates-as-required\" aria-required=\"true\" aria-invalid=\"false\" value=\"\" type=\"text\" name=\"your-subject\" \/><\/span> <\/label>\n<\/p>\n<p><label> Sua mensagem<br \/>\n<span class=\"wpcf7-form-control-wrap\" data-name=\"your-message\"><textarea cols=\"40\" rows=\"10\" maxlength=\"2000\" class=\"wpcf7-form-control wpcf7-textarea\" aria-invalid=\"false\" name=\"your-message\"><\/textarea><\/span> <\/label>\n<\/p>\n<p><input class=\"wpcf7-form-control wpcf7-submit has-spinner\" type=\"submit\" value=\"Enviar\" \/>\n<\/p><p style=\"display: none !important;\" class=\"akismet-fields-container\" data-prefix=\"_wpcf7_ak_\"><label>&#916;<textarea name=\"_wpcf7_ak_hp_textarea\" cols=\"45\" rows=\"8\" maxlength=\"100\"><\/textarea><\/label><input type=\"hidden\" id=\"ak_js_1\" name=\"_wpcf7_ak_js\" value=\"50\"\/><script>document.getElementById( \"ak_js_1\" ).setAttribute( \"value\", ( new Date() ).getTime() );<\/script><\/p><div class=\"wpcf7-response-output\" aria-hidden=\"true\"><\/div>\n<\/form>\n<\/div>\n[\/vc_column][\/vc_row]<\/p>\n","protected":false},"excerpt":{"rendered":"<p>[vc_row][vc_column width=&#8221;2\/3&#8243;][vc_column_text] Servi\u00e7os T\u00e9cnicos e Assessoria para Fabricantes Al\u00e9m do fornecimento de componentes, a Unicomponentes presta servi\u00e7os t\u00e9cnicos especializados voltados a fabricantes da ind\u00fastria de m\u00f3veis. Atuamos como parceira estrat\u00e9gica no desenvolvimento e aprimoramento de produtos, auxiliando nossos clientes na escolha dos componentes mais adequados para cada aplica\u00e7\u00e3o. Nossa experi\u00eancia de mais de duas d\u00e9cadas [&hellip;]<\/p>\n","protected":false},"author":1,"featured_media":0,"parent":0,"menu_order":0,"comment_status":"closed","ping_status":"closed","template":"page-full-width.php","meta":{"_joinchat":[],"footnotes":""},"class_list":["post-49","page","type-page","status-publish","hentry"],"_links":{"self":[{"href":"https:\/\/www.delfiori.com.br\/unicomponentes\/wp-json\/wp\/v2\/pages\/49","targetHints":{"allow":["GET"]}}],"collection":[{"href":"https:\/\/www.delfiori.com.br\/unicomponentes\/wp-json\/wp\/v2\/pages"}],"about":[{"href":"https:\/\/www.delfiori.com.br\/unicomponentes\/wp-json\/wp\/v2\/types\/page"}],"author":[{"embeddable":true,"href":"https:\/\/www.delfiori.com.br\/unicomponentes\/wp-json\/wp\/v2\/users\/1"}],"replies":[{"embeddable":true,"href":"https:\/\/www.delfiori.com.br\/unicomponentes\/wp-json\/wp\/v2\/comments?post=49"}],"version-history":[{"count":6,"href":"https:\/\/www.delfiori.com.br\/unicomponentes\/wp-json\/wp\/v2\/pages\/49\/revisions"}],"predecessor-version":[{"id":83,"href":"https:\/\/www.delfiori.com.br\/unicomponentes\/wp-json\/wp\/v2\/pages\/49\/revisions\/83"}],"wp:attachment":[{"href":"https:\/\/www.delfiori.com.br\/unicomponentes\/wp-json\/wp\/v2\/media?parent=49"}],"curies":[{"name":"wp","href":"https:\/\/api.w.org\/{rel}","templated":true}]}}